{"id":3,"date":"2018-08-14T15:52:01","date_gmt":"2018-08-14T14:52:01","guid":{"rendered":"https:\/\/bcrs.org.uk\/?page_id=3"},"modified":"2024-11-21T12:29:50","modified_gmt":"2024-11-21T12:29:50","slug":"privacy-policy","status":"publish","type":"page","link":"https:\/\/bcrs.org.uk\/cy\/privacy-policy\/","title":{"rendered":"Polisi Preifatrwydd"},"content":{"rendered":"<section class=\"l-section wpb_row height_medium\"><div class=\"l-section-h i-cf\"><div class=\"g-cols vc_row via_flex valign_top type_default stacking_default\"><div class=\"vc_col-sm-12 wpb_column vc_column_container\"><div class=\"vc_column-inner\"><div class=\"wpb_wrapper\"><div class=\"wpb_text_column\"><div class=\"wpb_wrapper\"><p><strong>DATGANIAD PREIFATRWYDD<\/strong><\/p>\n<p>Fel benthyciwr cyfrifol, mae BCRS Business Loans Limited (\u201cBCRS\u201d) wedi ymrwymo i ddiogelu\u2019r data a gasglwn i ddarparu\u2019r buddsoddiadau mewn busnesau bach a chanolig yr ydym yn eu cefnogi ar draws Canolbarth Lloegr a Chymru. Dim ond at ddibenion asesu, dosbarthu a monitro&#039;r benthyciadau a wnawn y byddwn yn casglu gwybodaeth. Nid ydym yn prynu nac yn gwerthu Data Personol, a dim ond swm cyfyngedig o ddata rydym yn ei rannu \u00e2 nifer fach o sefydliadau y gellir ymddiried ynddynt sy&#039;n hanfodol i&#039;w cefnogaeth i BCRS. Mae ein staff yn gofalu amdanoch chi a&#039;ch busnes, ac mae hyn yn golygu ein bod yn ymroddedig i sicrhau bod eich data yn ddiogel yma yn BCRS.<\/p>\n<p><strong>POLISI PREIFATRWYDD<\/strong><\/p>\n<p>Fel benthyciwr cyfrifol, mae BCRS wedi ymrwymo i ddiogelu\u2019r data a gasglwn i ddarparu\u2019r buddsoddiadau mewn busnesau bach a chanolig yr ydym yn eu cefnogi ar draws Canolbarth Lloegr a Chymru.<\/p>\n<p><strong>Pa wybodaeth rydyn ni&#039;n ei chasglu amdanoch chi?<\/strong><\/p>\n<p>Rydym yn casglu, defnyddio, rhannu a storio gwybodaeth amdanoch chi a&#039;ch busnes pan fyddwch yn gwneud ymholiad am fenthyciad busnes trwy BCRS. Os bydd eich cais am fenthyciad yn llwyddiannus, byddwn yn parhau i fonitro eich gweithgarwch benthyciad hyd nes y bydd y ddyled yn cael ei had-dalu. Rydym hefyd yn casglu gwybodaeth pan fyddwch yn cwblhau arolygon cwsmeriaid yn wirfoddol, yn rhoi adborth, neu os byddwch yn methu \u00e2 gwneud taliadau ar amser.<\/p>\n<p><strong>Sut byddwn ni&#039;n defnyddio&#039;r wybodaeth amdanoch chi?<\/strong><\/p>\n<p>Rydym yn defnyddio&#039;r data a ddarparwyd gennych yn fewnol i asesu, talu allan a monitro eich benthyciadau. Mae hyn yn cynnwys sicrhau ein bod yn bodloni ein gofynion cyfreithiol a rheoleiddiol. Dim ond hyn a hyn o ddata yr ydym yn ei rannu \u00e2 nifer fach o sefydliadau y gellir ymddiried ynddynt sy&#039;n hanfodol i&#039;w cefnogaeth i BCRS. Nid ydym yn prynu nac yn gwerthu Data Personol.<\/p>\n<p><strong>Mynediad at eich gwybodaeth a chywiro<\/strong><\/p>\n<p>Mae gennych hawl i ofyn am gopi o\u2019r wybodaeth sydd gennym amdanoch. Os hoffech gopi o rywfaint neu&#039;r cyfan o&#039;ch gwybodaeth bersonol, anfonwch e-bost ymlaen<span style=\"color: #000000;\"> <strong><a style=\"color: #000000;\" href=\"mailto:customerrelations@bcrs.org.uk\">customerrelations@bcrs.org.uk<\/a> <\/strong><\/span>neu ysgrifennwch atom yn BCRS Business Loans Limited, Canolfan Dechnoleg, Parc Gwyddoniaeth Wolverhampton, Glaisher Drive, Wolverhampton, WV10 9RU. Efallai y byddwn yn codi t\u00e2l bychan o \u00a325 am y gwasanaeth hwn.<\/p>\n<p>Rydym bob amser eisiau i&#039;r wybodaeth sydd gennym amdanoch fod yn gyfredol ac yn gywir. Os yw unrhyw ran o\u2019r wybodaeth sydd gennym naill ai\u2019n anghywir neu wedi dyddio, cysylltwch \u00e2 ni a byddwn yn ei diwygio ar unwaith.<\/p>\n<p><strong>Am ba mor hir rydym yn cadw eich gwybodaeth?<\/strong><\/p>\n<p>Ni fyddwn yn storio gwybodaeth am fwy o amser nag sydd ei angen i fodloni ein rhwymedigaethau cytundebol ar gyfer y benthyciadau a ddarparwn. Bydd hyn yn golygu y byddwn yn parhau i gadw rhywfaint o wybodaeth am gyfnod o amser ar \u00f4l i&#039;ch cyfrif gau neu ar \u00f4l i&#039;n perthynas ddod i ben. Mae hyn er mwyn cydymffurfio \u00e2\u2019n rhwymedigaethau cyfreithiol a rheoleiddiol i gadw cofnodion o\u2019n perthynas, i ddatrys anghydfodau, neu lle mae gennym amodau cytundebol gyda\u2019n cyllidwyr.<\/p>\n<p><strong>Newidiadau i&#039;n polisi preifatrwydd<\/strong><\/p>\n<p>Rydym yn adolygu ein Polisi Preifatrwydd yn rheolaidd a byddwn yn diweddaru&#039;r wefan hon pan wneir newidiadau. Diweddarwyd y Polisi Preifatrwydd hwn ddiwethaf ym mis Mai 2018.<\/p>\n<p><strong>Sut i gysylltu \u00e2 ni<\/strong><\/p>\n<p>Cysylltwch \u00e2 ni os oes gennych unrhyw gwestiynau am ein Polisi Preifatrwydd neu\u2019r wybodaeth sydd gennym amdanoch, gan ddefnyddio\u2019r dulliau cysylltu canlynol:<\/p>\n<ul>\n<li>E-bost:<span style=\"color: #000000;\"><strong> <a style=\"color: #000000;\" href=\"mailto:customerrelations@bcrs.org.uk\">customerrelations@bcrs.org.uk<\/a><\/strong><\/span><\/li>\n<li>ysgrifennu: BCRS Business Loans Limited, Canolfan Dechnoleg, Parc Gwyddoniaeth Wolverhampton, Glaisher Drive, Wolverhampton, WV10 9RU<\/li>\n<li>ff\u00f4n: 0345 313 8410<\/li>\n<\/ul>\n<\/div><\/div><\/div><\/div><\/div><\/div><\/div><\/section>","protected":false},"excerpt":{"rendered":"DATGANIAD PREIFATRWYDD Fel benthyciwr cyfrifol, mae BCRS Business Loans Limited (\u201cBCRS\u201d) wedi ymrwymo i ddiogelu&#039;r data a gasglwn i ddarparu&#039;r buddsoddiadau mewn busnesau bach a chanolig a gefnogir gennym ledled Canolbarth Lloegr a Chymru. Dim ond at ddibenion asesu, dosbarthu a monitro&#039;r benthyciadau a wnawn yr ydym yn casglu gwybodaeth. Nid ydym yn prynu nac...","protected":false},"author":22,"featured_media":0,"parent":0,"menu_order":0,"comment_status":"closed","ping_status":"open","template":"","meta":{"footnotes":""},"class_list":["post-3","page","type-page","status-publish","hentry"],"yoast_head":"<!-- This site is optimized with the Yoast SEO plugin v27.4 - https:\/\/yoast.com\/product\/yoast-seo-wordpress\/ -->\n<title>Privacy Policy - BCRS Business Loans<\/title>\n<meta name=\"description\" content=\"Review the BCRS Business Loans Privacy Statement and Privacy Policy to understand how we protect and manage the personal information of our clients.\" \/>\n<meta name=\"robots\" content=\"index, follow, max-snippet:-1, max-image-preview:large, max-video-preview:-1\" \/>\n<link rel=\"canonical\" href=\"https:\/\/bcrs.org.uk\/cy\/privacy-policy\/\" \/>\n<meta property=\"og:locale\" content=\"en_US\" \/>\n<meta property=\"og:type\" content=\"article\" \/>\n<meta property=\"og:title\" content=\"Privacy Policy - BCRS Business Loans\" \/>\n<meta property=\"og:description\" content=\"Review the BCRS Business Loans Privacy Statement and Privacy Policy to understand how we protect and manage the personal information of our clients.\" \/>\n<meta property=\"og:url\" content=\"https:\/\/bcrs.org.uk\/cy\/privacy-policy\/\" \/>\n<meta property=\"og:site_name\" content=\"BCRS Business Loans\" \/>\n<meta property=\"article:modified_time\" content=\"2024-11-21T12:29:50+00:00\" \/>\n<meta name=\"twitter:card\" content=\"summary_large_image\" \/>\n<meta name=\"twitter:site\" content=\"@B_C_R_S\" \/>\n<meta name=\"twitter:label1\" content=\"Est. reading time\" \/>\n\t<meta name=\"twitter:data1\" content=\"3 munud\" \/>\n<script type=\"application\/ld+json\" class=\"yoast-schema-graph\">{\"@context\":\"https:\\\/\\\/schema.org\",\"@graph\":[{\"@type\":\"WebPage\",\"@id\":\"https:\\\/\\\/bcrs.org.uk\\\/privacy-policy\\\/\",\"url\":\"https:\\\/\\\/bcrs.org.uk\\\/privacy-policy\\\/\",\"name\":\"Privacy Policy - BCRS Business Loans\",\"isPartOf\":{\"@id\":\"https:\\\/\\\/bcrs.org.uk\\\/#website\"},\"datePublished\":\"2018-08-14T14:52:01+00:00\",\"dateModified\":\"2024-11-21T12:29:50+00:00\",\"description\":\"Review the BCRS Business Loans Privacy Statement and Privacy Policy to understand how we protect and manage the personal information of our clients.\",\"breadcrumb\":{\"@id\":\"https:\\\/\\\/bcrs.org.uk\\\/privacy-policy\\\/#breadcrumb\"},\"inLanguage\":\"cy\",\"potentialAction\":[{\"@type\":\"ReadAction\",\"target\":[\"https:\\\/\\\/bcrs.org.uk\\\/privacy-policy\\\/\"]}]},{\"@type\":\"BreadcrumbList\",\"@id\":\"https:\\\/\\\/bcrs.org.uk\\\/privacy-policy\\\/#breadcrumb\",\"itemListElement\":[{\"@type\":\"ListItem\",\"position\":1,\"name\":\"Home\",\"item\":\"https:\\\/\\\/bcrs.org.uk\\\/\"},{\"@type\":\"ListItem\",\"position\":2,\"name\":\"Privacy Policy\"}]},{\"@type\":\"WebSite\",\"@id\":\"https:\\\/\\\/bcrs.org.uk\\\/#website\",\"url\":\"https:\\\/\\\/bcrs.org.uk\\\/\",\"name\":\"BCRS Business Loans\",\"description\":\"\",\"publisher\":{\"@id\":\"https:\\\/\\\/bcrs.org.uk\\\/#organization\"},\"potentialAction\":[{\"@type\":\"SearchAction\",\"target\":{\"@type\":\"EntryPoint\",\"urlTemplate\":\"https:\\\/\\\/bcrs.org.uk\\\/?s={search_term_string}\"},\"query-input\":{\"@type\":\"PropertyValueSpecification\",\"valueRequired\":true,\"valueName\":\"search_term_string\"}}],\"inLanguage\":\"cy\"},{\"@type\":\"Organization\",\"@id\":\"https:\\\/\\\/bcrs.org.uk\\\/#organization\",\"name\":\"BCRS Business Loans\",\"url\":\"https:\\\/\\\/bcrs.org.uk\\\/\",\"logo\":{\"@type\":\"ImageObject\",\"inLanguage\":\"cy\",\"@id\":\"https:\\\/\\\/bcrs.org.uk\\\/#\\\/schema\\\/logo\\\/image\\\/\",\"url\":\"https:\\\/\\\/bcrs.org.uk\\\/wp-content\\\/uploads\\\/2018\\\/08\\\/BCRS-logo.png\",\"contentUrl\":\"https:\\\/\\\/bcrs.org.uk\\\/wp-content\\\/uploads\\\/2018\\\/08\\\/BCRS-logo.png\",\"width\":231,\"height\":81,\"caption\":\"BCRS Business Loans\"},\"image\":{\"@id\":\"https:\\\/\\\/bcrs.org.uk\\\/#\\\/schema\\\/logo\\\/image\\\/\"},\"sameAs\":[\"https:\\\/\\\/x.com\\\/B_C_R_S\",\"https:\\\/\\\/www.linkedin.com\\\/company\\\/bcrs-small-business-loans\\\/\"]}]}<\/script>\n<!-- \/ Yoast SEO plugin. -->","yoast_head_json":{"title":"Polisi Preifatrwydd - Benthyciadau Busnes BCRS","description":"Adolygwch Ddatganiad Preifatrwydd a Pholisi Preifatrwydd Benthyciadau Busnes BCRS i ddeall sut rydym yn amddiffyn ac yn rheoli gwybodaeth bersonol ein cleientiaid.","robots":{"index":"index","follow":"follow","max-snippet":"max-snippet:-1","max-image-preview":"max-image-preview:large","max-video-preview":"max-video-preview:-1"},"canonical":"https:\/\/bcrs.org.uk\/cy\/privacy-policy\/","og_locale":"en_US","og_type":"article","og_title":"Privacy Policy - BCRS Business Loans","og_description":"Review the BCRS Business Loans Privacy Statement and Privacy Policy to understand how we protect and manage the personal information of our clients.","og_url":"https:\/\/bcrs.org.uk\/cy\/privacy-policy\/","og_site_name":"BCRS Business Loans","article_modified_time":"2024-11-21T12:29:50+00:00","twitter_card":"summary_large_image","twitter_site":"@B_C_R_S","twitter_misc":{"Est. reading time":"3 munud"},"schema":{"@context":"https:\/\/schema.org","@graph":[{"@type":"WebPage","@id":"https:\/\/bcrs.org.uk\/privacy-policy\/","url":"https:\/\/bcrs.org.uk\/privacy-policy\/","name":"Polisi Preifatrwydd - Benthyciadau Busnes BCRS","isPartOf":{"@id":"https:\/\/bcrs.org.uk\/#website"},"datePublished":"2018-08-14T14:52:01+00:00","dateModified":"2024-11-21T12:29:50+00:00","description":"Adolygwch Ddatganiad Preifatrwydd a Pholisi Preifatrwydd Benthyciadau Busnes BCRS i ddeall sut rydym yn amddiffyn ac yn rheoli gwybodaeth bersonol ein cleientiaid.","breadcrumb":{"@id":"https:\/\/bcrs.org.uk\/privacy-policy\/#breadcrumb"},"inLanguage":"cy","potentialAction":[{"@type":"ReadAction","target":["https:\/\/bcrs.org.uk\/privacy-policy\/"]}]},{"@type":"BreadcrumbList","@id":"https:\/\/bcrs.org.uk\/privacy-policy\/#breadcrumb","itemListElement":[{"@type":"ListItem","position":1,"name":"Home","item":"https:\/\/bcrs.org.uk\/"},{"@type":"ListItem","position":2,"name":"Privacy Policy"}]},{"@type":"WebSite","@id":"https:\/\/bcrs.org.uk\/#website","url":"https:\/\/bcrs.org.uk\/","name":"Benthyciadau Busnes BCRS","description":"","publisher":{"@id":"https:\/\/bcrs.org.uk\/#organization"},"potentialAction":[{"@type":"SearchAction","target":{"@type":"EntryPoint","urlTemplate":"https:\/\/bcrs.org.uk\/?s={search_term_string}"},"query-input":{"@type":"PropertyValueSpecification","valueRequired":true,"valueName":"search_term_string"}}],"inLanguage":"cy"},{"@type":"Organization","@id":"https:\/\/bcrs.org.uk\/#organization","name":"Benthyciadau Busnes BCRS","url":"https:\/\/bcrs.org.uk\/","logo":{"@type":"ImageObject","inLanguage":"cy","@id":"https:\/\/bcrs.org.uk\/#\/schema\/logo\/image\/","url":"https:\/\/bcrs.org.uk\/wp-content\/uploads\/2018\/08\/BCRS-logo.png","contentUrl":"https:\/\/bcrs.org.uk\/wp-content\/uploads\/2018\/08\/BCRS-logo.png","width":231,"height":81,"caption":"BCRS Business Loans"},"image":{"@id":"https:\/\/bcrs.org.uk\/#\/schema\/logo\/image\/"},"sameAs":["https:\/\/x.com\/B_C_R_S","https:\/\/www.linkedin.com\/company\/bcrs-small-business-loans\/"]}]}},"_links":{"self":[{"href":"https:\/\/bcrs.org.uk\/cy\/wp-json\/wp\/v2\/pages\/3","targetHints":{"allow":["GET"]}}],"collection":[{"href":"https:\/\/bcrs.org.uk\/cy\/wp-json\/wp\/v2\/pages"}],"about":[{"href":"https:\/\/bcrs.org.uk\/cy\/wp-json\/wp\/v2\/types\/page"}],"author":[{"embeddable":true,"href":"https:\/\/bcrs.org.uk\/cy\/wp-json\/wp\/v2\/users\/22"}],"replies":[{"embeddable":true,"href":"https:\/\/bcrs.org.uk\/cy\/wp-json\/wp\/v2\/comments?post=3"}],"version-history":[{"count":2,"href":"https:\/\/bcrs.org.uk\/cy\/wp-json\/wp\/v2\/pages\/3\/revisions"}],"predecessor-version":[{"id":9146,"href":"https:\/\/bcrs.org.uk\/cy\/wp-json\/wp\/v2\/pages\/3\/revisions\/9146"}],"wp:attachment":[{"href":"https:\/\/bcrs.org.uk\/cy\/wp-json\/wp\/v2\/media?parent=3"}],"curies":[{"name":"wp","href":"https:\/\/api.w.org\/{rel}","templated":true}]}}