{"id":10147,"date":"2026-02-27T12:46:28","date_gmt":"2026-02-27T12:46:28","guid":{"rendered":"https:\/\/bcrs.org.uk\/?page_id=10147"},"modified":"2026-02-27T13:22:05","modified_gmt":"2026-02-27T13:22:05","slug":"senior-underwriter-head-of-credit","status":"publish","type":"page","link":"https:\/\/bcrs.org.uk\/cy\/business-loans\/senior-underwriter-head-of-credit\/","title":{"rendered":"Uwch Danysgrifennwr \/ Pennaeth Credyd"},"content":{"rendered":"<section class=\"l-section wpb_row height_medium\"><div class=\"l-section-h i-cf\"><div class=\"g-cols vc_row via_flex valign_top type_default stacking_default\"><div class=\"vc_col-sm-12 wpb_column vc_column_container\"><div class=\"vc_column-inner\"><div class=\"wpb_wrapper\"><div class=\"wpb_text_column\"><div class=\"wpb_wrapper\"><p><b><span data-contrast=\"auto\">Teitl y Swydd:\u00a0<\/span><\/b> <span data-contrast=\"auto\">Uwch Danysgrifennwr \/ Pennaeth Credyd<\/span><span data-ccp-props=\"{}\">\u00a0<\/span><\/p>\n<p><b><span data-contrast=\"auto\">Oriau:<\/span><\/b><span data-contrast=\"auto\"> <\/span><span data-contrast=\"auto\">37 awr yr wythnos. 9.00am i 5.00pm o ddydd Llun i ddydd Iau, 9.00am i 4.30pm ddydd Gwener gydag egwyl ginio o hanner awr. Efallai y bydd angen rhywfaint o waith achlysurol gyda&#039;r nos a boreau cynnar.\u00a0\u00a0<\/span><span data-ccp-props=\"{&quot;335559685&quot;:2160,&quot;335559991&quot;:2160}\">\u00a0<\/span><\/p>\n<p><b><span data-contrast=\"auto\">Gwyliau:<\/span><\/b> <span data-contrast=\"auto\">28 diwrnod y flwyddyn ynghyd \u00e2 Gwyliau Banc statudol<\/span><span data-ccp-props=\"{}\">\u00a0<\/span><\/p>\n<p><b><span data-contrast=\"auto\">Cyflog:<\/span><\/b> <span data-contrast=\"auto\">Yn dibynnu ar brofiad<\/span><span data-ccp-props=\"{&quot;335559685&quot;:2160,&quot;335559991&quot;:2160}\">\u00a0<\/span><\/p>\n<p><b><span data-contrast=\"auto\">Pensiwn:<\/span><\/b> <span data-contrast=\"auto\">Hyd at gyfraniad cyfatebol o 10% i gynllun pensiwn personol gr\u0175p ynghyd \u00e2 4 x clawr cyflog sylfaenol ar gyfer marwolaeth yn ystod gwasanaeth<\/span><span data-ccp-props=\"{&quot;335559685&quot;:2160,&quot;335559991&quot;:2160}\">\u00a0<\/span><\/p>\n<p><b><span data-contrast=\"auto\">Manteision Eraill:<\/span><\/b>\u00a0<span data-contrast=\"auto\">Lwfans Datblygiad Personol blynyddol o \u00a3250,\u00a0<\/span><span data-contrast=\"auto\">Cynllun Arian Parod Iechyd ac Yswiriant Triniaeth Ysbyty. Bonws Blynyddol Dewisol. Datblygiad proffesiynol parhaus.<\/span><span data-ccp-props=\"{&quot;335559685&quot;:2160,&quot;335559991&quot;:2160}\">\u00a0<\/span><\/p>\n<p><b><span data-contrast=\"auto\">Lwfans Car:<\/span><\/b> <span data-contrast=\"auto\">\u00a3400 y mis ynghyd \u00e2 lwfans milltiroedd .25c<\/span><span data-ccp-props=\"{&quot;335559685&quot;:1440,&quot;335559991&quot;:1440}\">\u00a0<\/span><\/p>\n<p><b><span data-contrast=\"auto\">Yn gyfrifol i: <\/span><\/b><span data-contrast=\"auto\">Prif Weithredwr<\/span><span data-ccp-props=\"{}\">\u00a0<\/span><\/p>\n<p><b><span data-contrast=\"auto\">Perthnasoedd Allweddol Eraill:<\/span><\/b> <span data-contrast=\"auto\">Cadeirydd y Bwrdd, Cyfarwyddwr Cyllid, Pennaeth Datblygu Busnes, Rheolwr Portffolio a Chydymffurfiaeth, Rheolwyr Datblygu Busnes, T\u00eem Cyllid, T\u00eem Marchnata<\/span><span data-ccp-props=\"{&quot;335559685&quot;:2977,&quot;335559991&quot;:2977}\">\u00a0<\/span><\/p>\n<p><b><span data-contrast=\"auto\">Diben y Swydd:<\/span><\/b> <span data-contrast=\"auto\">Rheoli&#039;r polisi credyd, y prosesau a&#039;r gweithdrefnau sancsiynu a chefnogi&#039;r T\u00eem BDM<\/span><span data-ccp-props=\"{&quot;335559685&quot;:2977,&quot;335559991&quot;:2977}\">\u00a0<\/span><\/p>\n<p><b><span data-contrast=\"auto\">Prif ddyletswyddau:<\/span><\/b><\/p>\n<ul>\n<li><span data-contrast=\"auto\">Arwain y t\u00eem o gymeradwywyr, gan gyflawni penderfyniadau credyd cyson a phriodol, a threfnu argaeledd y t\u00eem i fodloni SLAs<\/span><\/li>\n<li><span data-contrast=\"none\">Gweithredu fel y llinell gymeradwyaeth gyntaf ar gyfer bwrw ymlaen \u00e2 gwerthusiadau newydd a gwaith diwydrwydd dyladwy ar gyfer ceisiadau benthyciadau newydd gan y BDMs<\/span><\/li>\n<li><span data-contrast=\"none\">Sicrhau bod polis\u00efau credyd yn cael eu dilyn yn llym ac adolygu a diweddaru polis\u00efau, gweithdrefnau a phrosesau credyd<\/span><\/li>\n<li><span data-contrast=\"none\">Sicrhau bod ceisiadau am fenthyciadau yn cydymffurfio \u00e2 rheolau cynlluniau ariannu a gwarantau<\/span><\/li>\n<li><span data-contrast=\"none\">Darparu hyfforddiant a chefnogaeth, hyfforddiant a datblygiad i&#039;r t\u00eem BDM<\/span><span data-ccp-props=\"{&quot;335551550&quot;:1,&quot;335551620&quot;:1}\">\u00a0<\/span><\/li>\n<li><span data-contrast=\"none\">Cefnogi Pennaeth Datblygu Busnes i sefydlu a hyfforddi BDMs newydd i ysgrifennu ceisiadau am fenthyciadau<\/span><\/li>\n<li><span data-contrast=\"none\">Cefnogi a hyfforddi sancsiynwyr<\/span><\/li>\n<li><span data-contrast=\"none\">Cysylltu \u00e2&#039;r Rheolwyr Portffolio i adolygu achosion problemus, nodi gwersi a diwygio polisi credyd, proses asesu benthyciadau a darparu hyfforddiant i&#039;r Rheolwr Busnes a&#039;r t\u00eem sancsiynu yn \u00f4l yr angen.<\/span><\/li>\n<li><span data-contrast=\"none\">Trefnu cyfarfodydd misol gyda&#039;r rhai sy&#039;n rhoi caniat\u00e2d a Phennaeth Datblygu Busnes i drafod unrhyw heriau a gwelliannau i bolisi credyd, y broses asesu a rhoi caniat\u00e2d benthyciadau, y broses waith papur benthyciadau a&#039;r broses o&#039;r caniat\u00e2d i&#039;r rhyddhau ac unrhyw heriau gyda chytundebau lefel gwasanaeth.<\/span><\/li>\n<li><span data-contrast=\"none\">Cadw golwg ar y dirwedd macro-economaidd a gwleidyddol ehangach, diwygio polisi credyd, y broses asesu benthyciadau a darparu hyfforddiant i&#039;r Rheolwr Busnes a&#039;r t\u00eem sancsiynu yn \u00f4l yr angen. Gall hyn arwain at nodi materion sectorol penodol a bydd angen gweithredu asesu a hyfforddiant benthyciadau sectorol penodol.<\/span><\/li>\n<li><span data-contrast=\"auto\">Ar ddiwedd pob wythnos, dogfennwch yr hyn a ddisgwylir ar gyfer cymeradwyaeth a rhyddhau yn yr wythnos ganlynol<\/span><\/li>\n<li><span data-contrast=\"none\">Ochr yn ochr \u00e2 Phennaeth Datblygu Busnes, goruchwylio&#039;r cyswllt rhwng y timau Datblygu Busnes a Gweinyddu<\/span><\/li>\n<li><span data-contrast=\"none\">Gweithio ochr yn ochr \u00e2 Phennaeth Datblygu Busnes i sicrhau bod gwaith papur benthyciadau yn cael ei baratoi mewn modd amserol a chywir ac o fewn y Cytundebau Lefel Gwasanaeth gofynnol.<\/span><\/li>\n<li><span data-contrast=\"none\">Gweithio ochr yn ochr \u00e2 Phennaeth Datblygu Busnes i oruchwylio a chwblhau prosesau gofynnol o&#039;r sancsiwn i&#039;r rhyddhau<\/span><\/li>\n<li><span data-contrast=\"none\">Gweithio ochr yn ochr \u00e2 Phennaeth Datblygu Busnes i sicrhau bod benthyciadau&#039;n cael eu rhyddhau&#039;n effeithlon ac o fewn Cytundebau Lefel Gwasanaeth<\/span><\/li>\n<li><span data-contrast=\"auto\">Goruchwylio Gweithred Blaenoriaethau a digwyddiadau benthyciadau eraill mewn bywyd<\/span><\/li>\n<\/ul>\n<p><strong>Mynychu Cyfarfodydd y T\u00eem Arweinyddiaeth i adrodd ar faterion sy&#039;n ymwneud \u00e2 chredyd gan gynnwys ond heb fod yn gyfyngedig i:\u00a0<\/strong><\/p>\n<ul>\n<li aria-setsize=\"-1\" data-leveltext=\"\uf0b7\" data-font=\"Symbol\" data-listid=\"3\" data-list-defn-props=\"{&quot;335552541&quot;:1,&quot;335559685&quot;:720,&quot;335559991&quot;:360,&quot;469769226&quot;:&quot;Symbol&quot;,&quot;469769242&quot;:&#091;8226&#093;,&quot;469777803&quot;:&quot;left&quot;,&quot;469777804&quot;:&quot;\uf0b7&quot;,&quot;469777815&quot;:&quot;hybridMultilevel&quot;}\" data-aria-posinset=\"1\" data-aria-level=\"1\"><span data-contrast=\"none\">Syniadau newydd o gredyd<\/span><span data-ccp-props=\"{&quot;335551550&quot;:1,&quot;335551620&quot;:1}\">\u00a0<\/span><\/li>\n<li aria-setsize=\"-1\" data-leveltext=\"\uf0b7\" data-font=\"Symbol\" data-listid=\"3\" data-list-defn-props=\"{&quot;335552541&quot;:1,&quot;335559685&quot;:720,&quot;335559991&quot;:360,&quot;469769226&quot;:&quot;Symbol&quot;,&quot;469769242&quot;:&#091;8226&#093;,&quot;469777803&quot;:&quot;left&quot;,&quot;469777804&quot;:&quot;\uf0b7&quot;,&quot;469777815&quot;:&quot;hybridMultilevel&quot;}\" data-aria-posinset=\"1\" data-aria-level=\"1\"><span data-contrast=\"none\">Datblygiadau i&#039;r broses gredyd<\/span><\/li>\n<li aria-setsize=\"-1\" data-leveltext=\"\uf0b7\" data-font=\"Symbol\" data-listid=\"3\" data-list-defn-props=\"{&quot;335552541&quot;:1,&quot;335559685&quot;:720,&quot;335559991&quot;:360,&quot;469769226&quot;:&quot;Symbol&quot;,&quot;469769242&quot;:&#091;8226&#093;,&quot;469777803&quot;:&quot;left&quot;,&quot;469777804&quot;:&quot;\uf0b7&quot;,&quot;469777815&quot;:&quot;hybridMultilevel&quot;}\" data-aria-posinset=\"1\" data-aria-level=\"1\"><span data-contrast=\"none\">Dysgu o fenthyciadau nad ydynt yn perfformio<\/span><\/li>\n<li aria-setsize=\"-1\" data-leveltext=\"\uf0b7\" data-font=\"Symbol\" data-listid=\"3\" data-list-defn-props=\"{&quot;335552541&quot;:1,&quot;335559685&quot;:720,&quot;335559991&quot;:360,&quot;469769226&quot;:&quot;Symbol&quot;,&quot;469769242&quot;:&#091;8226&#093;,&quot;469777803&quot;:&quot;left&quot;,&quot;469777804&quot;:&quot;\uf0b7&quot;,&quot;469777815&quot;:&quot;hybridMultilevel&quot;}\" data-aria-posinset=\"1\" data-aria-level=\"1\"><span data-contrast=\"none\">Unrhyw broblemau credyd gyda BDMs penodol a chynllun gweithredu i fynd i&#039;r afael \u00e2 hyn<\/span><span data-ccp-props=\"{&quot;335551550&quot;:1,&quot;335551620&quot;:1}\">\u00a0<\/span><\/li>\n<li aria-setsize=\"-1\" data-leveltext=\"\uf0b7\" data-font=\"Symbol\" data-listid=\"3\" data-list-defn-props=\"{&quot;335552541&quot;:1,&quot;335559685&quot;:720,&quot;335559991&quot;:360,&quot;469769226&quot;:&quot;Symbol&quot;,&quot;469769242&quot;:&#091;8226&#093;,&quot;469777803&quot;:&quot;left&quot;,&quot;469777804&quot;:&quot;\uf0b7&quot;,&quot;469777815&quot;:&quot;hybridMultilevel&quot;}\" data-aria-posinset=\"1\" data-aria-level=\"1\"><span data-contrast=\"none\">Cyfrannu at gyfeiriad strategol Benthyciadau Busnes BCRS<\/span><\/li>\n<li aria-setsize=\"-1\" data-leveltext=\"\uf0b7\" data-font=\"Symbol\" data-listid=\"3\" data-list-defn-props=\"{&quot;335552541&quot;:1,&quot;335559685&quot;:720,&quot;335559991&quot;:360,&quot;469769226&quot;:&quot;Symbol&quot;,&quot;469769242&quot;:&#091;8226&#093;,&quot;469777803&quot;:&quot;left&quot;,&quot;469777804&quot;:&quot;\uf0b7&quot;,&quot;469777815&quot;:&quot;hybridMultilevel&quot;}\" data-aria-posinset=\"1\" data-aria-level=\"1\"><span data-contrast=\"none\">Cynhyrchu gwybodaeth reoli yn \u00f4l yr angen<\/span><\/li>\n<li aria-setsize=\"-1\" data-leveltext=\"\uf0b7\" data-font=\"Symbol\" data-listid=\"3\" data-list-defn-props=\"{&quot;335552541&quot;:1,&quot;335559685&quot;:720,&quot;335559991&quot;:360,&quot;469769226&quot;:&quot;Symbol&quot;,&quot;469769242&quot;:&#091;8226&#093;,&quot;469777803&quot;:&quot;left&quot;,&quot;469777804&quot;:&quot;\uf0b7&quot;,&quot;469777815&quot;:&quot;hybridMultilevel&quot;}\" data-aria-posinset=\"1\" data-aria-level=\"1\"><span data-contrast=\"none\">Bod yn aelod gweithredol o&#039;r Gr\u0175p Gwaith Effaith ac ystyried newidiadau posibl i ddylunio cynnyrch a pholisi credyd<\/span><\/li>\n<li aria-setsize=\"-1\" data-leveltext=\"\uf0b7\" data-font=\"Symbol\" data-listid=\"3\" data-list-defn-props=\"{&quot;335552541&quot;:1,&quot;335559685&quot;:720,&quot;335559991&quot;:360,&quot;469769226&quot;:&quot;Symbol&quot;,&quot;469769242&quot;:&#091;8226&#093;,&quot;469777803&quot;:&quot;left&quot;,&quot;469777804&quot;:&quot;\uf0b7&quot;,&quot;469777815&quot;:&quot;hybridMultilevel&quot;}\" data-aria-posinset=\"1\" data-aria-level=\"1\"><span data-ccp-props=\"{&quot;335551550&quot;:1,&quot;335551620&quot;:1}\">\u00a0<\/span><span data-contrast=\"none\">Cynorthwyo gyda cheisiadau am gyllid<\/span><\/li>\n<li aria-setsize=\"-1\" data-leveltext=\"\uf0b7\" data-font=\"Symbol\" data-listid=\"3\" data-list-defn-props=\"{&quot;335552541&quot;:1,&quot;335559685&quot;:720,&quot;335559991&quot;:360,&quot;469769226&quot;:&quot;Symbol&quot;,&quot;469769242&quot;:&#091;8226&#093;,&quot;469777803&quot;:&quot;left&quot;,&quot;469777804&quot;:&quot;\uf0b7&quot;,&quot;469777815&quot;:&quot;hybridMultilevel&quot;}\" data-aria-posinset=\"1\" data-aria-level=\"1\"><span data-contrast=\"none\">Dangos ymrwymiad i welliant a datblygiad parhaus yr holl systemau a phrosesau. Cymryd rhan mewn gweithgareddau datblygu personol a phroffesiynol.<\/span><span data-ccp-props=\"{&quot;335551550&quot;:1,&quot;335551620&quot;:1}\">\u00a0<\/span><\/li>\n<li aria-setsize=\"-1\" data-leveltext=\"\uf0b7\" data-font=\"Symbol\" data-listid=\"3\" data-list-defn-props=\"{&quot;335552541&quot;:1,&quot;335559685&quot;:720,&quot;335559991&quot;:360,&quot;469769226&quot;:&quot;Symbol&quot;,&quot;469769242&quot;:&#091;8226&#093;,&quot;469777803&quot;:&quot;left&quot;,&quot;469777804&quot;:&quot;\uf0b7&quot;,&quot;469777815&quot;:&quot;hybridMultilevel&quot;}\" data-aria-posinset=\"1\" data-aria-level=\"1\"><span data-contrast=\"none\">Hyrwyddo gwasanaethau BCRS drwy fynychu cyfarfodydd rhwydweithio, cynadleddau, ffeiriau masnach a digwyddiadau perthnasol eraill<\/span><\/li>\n<li aria-setsize=\"-1\" data-leveltext=\"\uf0b7\" data-font=\"Symbol\" data-listid=\"3\" data-list-defn-props=\"{&quot;335552541&quot;:1,&quot;335559685&quot;:720,&quot;335559991&quot;:360,&quot;469769226&quot;:&quot;Symbol&quot;,&quot;469769242&quot;:&#091;8226&#093;,&quot;469777803&quot;:&quot;left&quot;,&quot;469777804&quot;:&quot;\uf0b7&quot;,&quot;469777815&quot;:&quot;hybridMultilevel&quot;}\" data-aria-posinset=\"1\" data-aria-level=\"1\"><span data-contrast=\"none\">Glynu wrth bolis\u00efau a gweithdrefnau&#039;r cwmni gan gynnwys Fframwaith Rheoli Perfformiad BCRS a Pholisi Cyfle Cyfartal<\/span><\/li>\n<li aria-setsize=\"-1\" data-leveltext=\"\uf0b7\" data-font=\"Symbol\" data-listid=\"3\" data-list-defn-props=\"{&quot;335552541&quot;:1,&quot;335559685&quot;:720,&quot;335559991&quot;:360,&quot;469769226&quot;:&quot;Symbol&quot;,&quot;469769242&quot;:&#091;8226&#093;,&quot;469777803&quot;:&quot;left&quot;,&quot;469777804&quot;:&quot;\uf0b7&quot;,&quot;469777815&quot;:&quot;hybridMultilevel&quot;}\" data-aria-posinset=\"1\" data-aria-level=\"1\"><span data-contrast=\"auto\">Gweithio ochr yn ochr \u00e2&#039;r Rheolwr Portffolio a Chydymffurfiaeth i sicrhau systemau a<\/span><span data-ccp-props=\"{&quot;335559685&quot;:2880,&quot;335559991&quot;:2880}\">\u00a0<\/span><span data-contrast=\"auto\">mae rheolaethau&#039;n cydymffurfio \u00e2 gofynion yr FCA<\/span><\/li>\n<li aria-setsize=\"-1\" data-leveltext=\"\uf0b7\" data-font=\"Symbol\" data-listid=\"3\" data-list-defn-props=\"{&quot;335552541&quot;:1,&quot;335559685&quot;:720,&quot;335559991&quot;:360,&quot;469769226&quot;:&quot;Symbol&quot;,&quot;469769242&quot;:&#091;8226&#093;,&quot;469777803&quot;:&quot;left&quot;,&quot;469777804&quot;:&quot;\uf0b7&quot;,&quot;469777815&quot;:&quot;hybridMultilevel&quot;}\" data-aria-posinset=\"1\" data-aria-level=\"1\">Cynnal a<span data-contrast=\"auto\">unrhyw ddyletswyddau eraill sy&#039;n ofynnol gan y Prif Weithredwr<\/span><\/li>\n<\/ul>\n<p><strong>Sut i Wneud Cais:<\/strong><\/p>\n<p>Gwahoddir ymgeiswyr sydd \u00e2 diddordeb i gyflwyno eu CV a llythyr eglurhaol yn manylu ar eu profiad perthnasol a pham eu bod yn addas ar gyfer y r\u00f4l hon i <a href=\"mailto:Andrew.hustwit@bcrs.org.uk\">Andrew Hustwit<\/a><\/p>\n<\/div><\/div><\/div><\/div><\/div><\/div><\/div><\/section>","protected":false},"excerpt":{"rendered":"Teitl y Swydd: Uwch Danysgrifennwr \/ Pennaeth Credyd Oriau: 37 awr yr wythnos. 9.00am i 5.00pm o ddydd Llun i ddydd Iau, 9.00am i 4.30pm ddydd Gwener gydag egwyl ginio hanner awr. Efallai y bydd angen rhywfaint o waith achlysurol gyda&#039;r nos ac yn gynnar yn y boreau Gwyliau: 28 diwrnod y flwyddyn ynghyd \u00e2 Gwyliau Banc statudol Cyflog: Yn dibynnu ar brofiad Pensiwn: Cyfraniad cyfatebol hyd at 10% i gynllun pensiwn personol gr\u0175p ynghyd \u00e2 4...","protected":false},"author":20,"featured_media":0,"parent":7269,"menu_order":0,"comment_status":"closed","ping_status":"closed","template":"","meta":{"footnotes":""},"class_list":["post-10147","page","type-page","status-publish","hentry"],"yoast_head":"<!-- This site is optimized with the Yoast SEO plugin v27.4 - https:\/\/yoast.com\/product\/yoast-seo-wordpress\/ -->\n<title>Senior Underwriter \/ Head of Credit Job Description<\/title>\n<meta name=\"description\" content=\"BCRS offer small business loans with no early repayment charges in the West Midlands from \u00a325,000 to \u00a3100,000 as part of the Midlands Engine Investment Fund II.\" \/>\n<meta name=\"robots\" content=\"index, follow, max-snippet:-1, max-image-preview:large, max-video-preview:-1\" \/>\n<link rel=\"canonical\" href=\"https:\/\/bcrs.org.uk\/cy\/business-loans\/senior-underwriter-head-of-credit\/\" \/>\n<meta property=\"og:locale\" content=\"en_US\" \/>\n<meta property=\"og:type\" content=\"article\" \/>\n<meta property=\"og:title\" content=\"Senior Underwriter \/ Head of Credit Job Description\" \/>\n<meta property=\"og:description\" content=\"BCRS offer small business loans with no early repayment charges in the West Midlands from \u00a325,000 to \u00a3100,000 as part of the Midlands Engine Investment Fund II.\" \/>\n<meta property=\"og:url\" content=\"https:\/\/bcrs.org.uk\/cy\/business-loans\/senior-underwriter-head-of-credit\/\" \/>\n<meta property=\"og:site_name\" content=\"BCRS Business Loans\" \/>\n<meta property=\"article:modified_time\" content=\"2026-02-27T13:22:05+00:00\" \/>\n<meta name=\"twitter:card\" content=\"summary_large_image\" \/>\n<meta name=\"twitter:site\" content=\"@B_C_R_S\" \/>\n<meta name=\"twitter:label1\" content=\"Est. reading time\" \/>\n\t<meta name=\"twitter:data1\" content=\"3 munud\" \/>\n<script type=\"application\/ld+json\" class=\"yoast-schema-graph\">{\"@context\":\"https:\\\/\\\/schema.org\",\"@graph\":[{\"@type\":\"WebPage\",\"@id\":\"https:\\\/\\\/bcrs.org.uk\\\/business-loans\\\/senior-underwriter-head-of-credit\\\/\",\"url\":\"https:\\\/\\\/bcrs.org.uk\\\/business-loans\\\/senior-underwriter-head-of-credit\\\/\",\"name\":\"Senior Underwriter \\\/ Head of Credit Job Description\",\"isPartOf\":{\"@id\":\"https:\\\/\\\/bcrs.org.uk\\\/#website\"},\"datePublished\":\"2026-02-27T12:46:28+00:00\",\"dateModified\":\"2026-02-27T13:22:05+00:00\",\"description\":\"BCRS offer small business loans with no early repayment charges in the West Midlands from \u00a325,000 to \u00a3100,000 as part of the Midlands Engine Investment Fund II.\",\"breadcrumb\":{\"@id\":\"https:\\\/\\\/bcrs.org.uk\\\/business-loans\\\/senior-underwriter-head-of-credit\\\/#breadcrumb\"},\"inLanguage\":\"cy\",\"potentialAction\":[{\"@type\":\"ReadAction\",\"target\":[\"https:\\\/\\\/bcrs.org.uk\\\/business-loans\\\/senior-underwriter-head-of-credit\\\/\"]}]},{\"@type\":\"BreadcrumbList\",\"@id\":\"https:\\\/\\\/bcrs.org.uk\\\/business-loans\\\/senior-underwriter-head-of-credit\\\/#breadcrumb\",\"itemListElement\":[{\"@type\":\"ListItem\",\"position\":1,\"name\":\"Home\",\"item\":\"https:\\\/\\\/bcrs.org.uk\\\/\"},{\"@type\":\"ListItem\",\"position\":2,\"name\":\"Business Loans\",\"item\":\"https:\\\/\\\/bcrs.org.uk\\\/business-loans\\\/\"},{\"@type\":\"ListItem\",\"position\":3,\"name\":\"Senior Underwriter \\\/ Head of Credit\"}]},{\"@type\":\"WebSite\",\"@id\":\"https:\\\/\\\/bcrs.org.uk\\\/#website\",\"url\":\"https:\\\/\\\/bcrs.org.uk\\\/\",\"name\":\"BCRS Business Loans\",\"description\":\"\",\"publisher\":{\"@id\":\"https:\\\/\\\/bcrs.org.uk\\\/#organization\"},\"potentialAction\":[{\"@type\":\"SearchAction\",\"target\":{\"@type\":\"EntryPoint\",\"urlTemplate\":\"https:\\\/\\\/bcrs.org.uk\\\/?s={search_term_string}\"},\"query-input\":{\"@type\":\"PropertyValueSpecification\",\"valueRequired\":true,\"valueName\":\"search_term_string\"}}],\"inLanguage\":\"cy\"},{\"@type\":\"Organization\",\"@id\":\"https:\\\/\\\/bcrs.org.uk\\\/#organization\",\"name\":\"BCRS Business Loans\",\"url\":\"https:\\\/\\\/bcrs.org.uk\\\/\",\"logo\":{\"@type\":\"ImageObject\",\"inLanguage\":\"cy\",\"@id\":\"https:\\\/\\\/bcrs.org.uk\\\/#\\\/schema\\\/logo\\\/image\\\/\",\"url\":\"https:\\\/\\\/bcrs.org.uk\\\/wp-content\\\/uploads\\\/2018\\\/08\\\/BCRS-logo.png\",\"contentUrl\":\"https:\\\/\\\/bcrs.org.uk\\\/wp-content\\\/uploads\\\/2018\\\/08\\\/BCRS-logo.png\",\"width\":231,\"height\":81,\"caption\":\"BCRS Business Loans\"},\"image\":{\"@id\":\"https:\\\/\\\/bcrs.org.uk\\\/#\\\/schema\\\/logo\\\/image\\\/\"},\"sameAs\":[\"https:\\\/\\\/x.com\\\/B_C_R_S\",\"https:\\\/\\\/www.linkedin.com\\\/company\\\/bcrs-small-business-loans\\\/\"]}]}<\/script>\n<!-- \/ Yoast SEO plugin. -->","yoast_head_json":{"title":"Disgrifiad Swydd Uwch Danysgrifennwr \/ Pennaeth Credyd","description":"Mae BCRS yn cynnig benthyciadau busnesau bach heb unrhyw ffioedd ad-dalu cynnar yng Ngorllewin Canolbarth Lloegr o \u00a325,000 i \u00a3100,000 fel rhan o Gronfa Buddsoddi Peiriannau Canolbarth Lloegr II.","robots":{"index":"index","follow":"follow","max-snippet":"max-snippet:-1","max-image-preview":"max-image-preview:large","max-video-preview":"max-video-preview:-1"},"canonical":"https:\/\/bcrs.org.uk\/cy\/business-loans\/senior-underwriter-head-of-credit\/","og_locale":"en_US","og_type":"article","og_title":"Senior Underwriter \/ Head of Credit Job Description","og_description":"BCRS offer small business loans with no early repayment charges in the West Midlands from \u00a325,000 to \u00a3100,000 as part of the Midlands Engine Investment Fund II.","og_url":"https:\/\/bcrs.org.uk\/cy\/business-loans\/senior-underwriter-head-of-credit\/","og_site_name":"BCRS Business Loans","article_modified_time":"2026-02-27T13:22:05+00:00","twitter_card":"summary_large_image","twitter_site":"@B_C_R_S","twitter_misc":{"Est. reading time":"3 munud"},"schema":{"@context":"https:\/\/schema.org","@graph":[{"@type":"WebPage","@id":"https:\/\/bcrs.org.uk\/business-loans\/senior-underwriter-head-of-credit\/","url":"https:\/\/bcrs.org.uk\/business-loans\/senior-underwriter-head-of-credit\/","name":"Disgrifiad Swydd Uwch Danysgrifennwr \/ Pennaeth Credyd","isPartOf":{"@id":"https:\/\/bcrs.org.uk\/#website"},"datePublished":"2026-02-27T12:46:28+00:00","dateModified":"2026-02-27T13:22:05+00:00","description":"Mae BCRS yn cynnig benthyciadau busnesau bach heb unrhyw ffioedd ad-dalu cynnar yng Ngorllewin Canolbarth Lloegr o \u00a325,000 i \u00a3100,000 fel rhan o Gronfa Buddsoddi Peiriannau Canolbarth Lloegr II.","breadcrumb":{"@id":"https:\/\/bcrs.org.uk\/business-loans\/senior-underwriter-head-of-credit\/#breadcrumb"},"inLanguage":"cy","potentialAction":[{"@type":"ReadAction","target":["https:\/\/bcrs.org.uk\/business-loans\/senior-underwriter-head-of-credit\/"]}]},{"@type":"BreadcrumbList","@id":"https:\/\/bcrs.org.uk\/business-loans\/senior-underwriter-head-of-credit\/#breadcrumb","itemListElement":[{"@type":"ListItem","position":1,"name":"Home","item":"https:\/\/bcrs.org.uk\/"},{"@type":"ListItem","position":2,"name":"Business Loans","item":"https:\/\/bcrs.org.uk\/business-loans\/"},{"@type":"ListItem","position":3,"name":"Senior Underwriter \/ Head of Credit"}]},{"@type":"WebSite","@id":"https:\/\/bcrs.org.uk\/#website","url":"https:\/\/bcrs.org.uk\/","name":"Benthyciadau Busnes BCRS","description":"","publisher":{"@id":"https:\/\/bcrs.org.uk\/#organization"},"potentialAction":[{"@type":"SearchAction","target":{"@type":"EntryPoint","urlTemplate":"https:\/\/bcrs.org.uk\/?s={search_term_string}"},"query-input":{"@type":"PropertyValueSpecification","valueRequired":true,"valueName":"search_term_string"}}],"inLanguage":"cy"},{"@type":"Organization","@id":"https:\/\/bcrs.org.uk\/#organization","name":"Benthyciadau Busnes BCRS","url":"https:\/\/bcrs.org.uk\/","logo":{"@type":"ImageObject","inLanguage":"cy","@id":"https:\/\/bcrs.org.uk\/#\/schema\/logo\/image\/","url":"https:\/\/bcrs.org.uk\/wp-content\/uploads\/2018\/08\/BCRS-logo.png","contentUrl":"https:\/\/bcrs.org.uk\/wp-content\/uploads\/2018\/08\/BCRS-logo.png","width":231,"height":81,"caption":"BCRS Business Loans"},"image":{"@id":"https:\/\/bcrs.org.uk\/#\/schema\/logo\/image\/"},"sameAs":["https:\/\/x.com\/B_C_R_S","https:\/\/www.linkedin.com\/company\/bcrs-small-business-loans\/"]}]}},"_links":{"self":[{"href":"https:\/\/bcrs.org.uk\/cy\/wp-json\/wp\/v2\/pages\/10147","targetHints":{"allow":["GET"]}}],"collection":[{"href":"https:\/\/bcrs.org.uk\/cy\/wp-json\/wp\/v2\/pages"}],"about":[{"href":"https:\/\/bcrs.org.uk\/cy\/wp-json\/wp\/v2\/types\/page"}],"author":[{"embeddable":true,"href":"https:\/\/bcrs.org.uk\/cy\/wp-json\/wp\/v2\/users\/20"}],"replies":[{"embeddable":true,"href":"https:\/\/bcrs.org.uk\/cy\/wp-json\/wp\/v2\/comments?post=10147"}],"version-history":[{"count":5,"href":"https:\/\/bcrs.org.uk\/cy\/wp-json\/wp\/v2\/pages\/10147\/revisions"}],"predecessor-version":[{"id":10153,"href":"https:\/\/bcrs.org.uk\/cy\/wp-json\/wp\/v2\/pages\/10147\/revisions\/10153"}],"up":[{"embeddable":true,"href":"https:\/\/bcrs.org.uk\/cy\/wp-json\/wp\/v2\/pages\/7269"}],"wp:attachment":[{"href":"https:\/\/bcrs.org.uk\/cy\/wp-json\/wp\/v2\/media?parent=10147"}],"curies":[{"name":"wp","href":"https:\/\/api.w.org\/{rel}","templated":true}]}}